{"id":30,"date":"2022-06-27T17:59:23","date_gmt":"2022-06-27T17:59:23","guid":{"rendered":"https:\/\/thekreativedesign.com\/mercado\/?post_type=product&#038;p=30"},"modified":"2022-06-30T21:08:59","modified_gmt":"2022-06-30T21:08:59","slug":"feijao-carioca-tipo-1-broto-legal-1-kg","status":"publish","type":"product","link":"https:\/\/thekreativedesign.com\/market\/produto\/feijao-carioca-tipo-1-broto-legal-1-kg\/","title":{"rendered":"Feij\u00e3o Carioca Tipo 1 Broto Legal 1 Kg"},"content":{"rendered":"<p>O Feij\u00e3o Carioca Tipo 1 Broto Legal \u00e9 um feij\u00e3o superior, rigorosamente selecionado. Empacotado com gr\u00e3os maiores e padronizados. Proporcionam um caldo grosso, espesso e saboroso. Rico em fibras, o feij\u00e3o traz muitos benef\u00edcios para sua sa\u00fade.<\/p>\n","protected":false},"excerpt":{"rendered":"<p>O Feij\u00e3o Carioca Tipo 1 Broto Legal \u00e9 um feij\u00e3o superior, rigorosamente selecionado. Empacotado com gr\u00e3os maiores e padronizados. Proporcionam um caldo grosso, espesso e saboroso. Rico em fibras, o feij\u00e3o traz muitos benef\u00edcios para sua sa\u00fade.<\/p>\n","protected":false},"featured_media":31,"comment_status":"open","ping_status":"closed","template":"","meta":[],"product_brand":[],"product_cat":[27],"product_tag":[],"class_list":{"0":"post-30","1":"product","2":"type-product","3":"status-publish","4":"has-post-thumbnail","6":"product_cat-feijao","8":"first","9":"instock","10":"taxable","11":"shipping-taxable","12":"purchasable","13":"product-type-simple"},"_links":{"self":[{"href":"https:\/\/thekreativedesign.com\/market\/wp-json\/wp\/v2\/product\/30","targetHints":{"allow":["GET"]}}],"collection":[{"href":"https:\/\/thekreativedesign.com\/market\/wp-json\/wp\/v2\/product"}],"about":[{"href":"https:\/\/thekreativedesign.com\/market\/wp-json\/wp\/v2\/types\/product"}],"replies":[{"embeddable":true,"href":"https:\/\/thekreativedesign.com\/market\/wp-json\/wp\/v2\/comments?post=30"}],"wp:featuredmedia":[{"embeddable":true,"href":"https:\/\/thekreativedesign.com\/market\/wp-json\/wp\/v2\/media\/31"}],"wp:attachment":[{"href":"https:\/\/thekreativedesign.com\/market\/wp-json\/wp\/v2\/media?parent=30"}],"wp:term":[{"taxonomy":"product_brand","embeddable":true,"href":"https:\/\/thekreativedesign.com\/market\/wp-json\/wp\/v2\/product_brand?post=30"},{"taxonomy":"product_cat","embeddable":true,"href":"https:\/\/thekreativedesign.com\/market\/wp-json\/wp\/v2\/product_cat?post=30"},{"taxonomy":"product_tag","embeddable":true,"href":"https:\/\/thekreativedesign.com\/market\/wp-json\/wp\/v2\/product_tag?post=30"}],"curies":[{"name":"wp","href":"https:\/\/api.w.org\/{rel}","templated":true}]}}