{"id":36,"date":"2022-06-27T18:03:13","date_gmt":"2022-06-27T18:03:13","guid":{"rendered":"https:\/\/thekreativedesign.com\/mercado\/?post_type=product&#038;p=36"},"modified":"2022-06-29T17:11:44","modified_gmt":"2022-06-29T17:11:44","slug":"feijao-preto-pronto-vapza-250g","status":"publish","type":"product","link":"https:\/\/thekreativedesign.com\/market\/produto\/feijao-preto-pronto-vapza-250g\/","title":{"rendered":"Feij\u00e3o Preto Pronto Vapza 250g"},"content":{"rendered":"<p>O Feij\u00e3o Preto Org\u00e2nico Vapza \u00e9 cozido no vapor, muito pr\u00e1tico para o dia-a-dia. Possui baixo teor de s\u00f3dio e 100% livre de agrot\u00f3xicos. O feij\u00e3o preto, al\u00e9m de ser muito saboroso, \u00e9 rico em fibras e prote\u00ednas, bem como em vitaminas e minerais, como Vitamina A, C\u00e1lcio, Ferro e Mangan\u00eas. Perfeito para o preparo de feijoadas ou em diversas outras combina\u00e7\u00f5es. Presente no mercado desde 1995, a Vapza produz alimentos embalados a v\u00e1cuo e cozidos a vapor, oferecendo praticidade e rapidez no preparo de alimentos saud\u00e1veis, seguros e saborosos.<\/p>\n","protected":false},"excerpt":{"rendered":"<p>O Feij\u00e3o Preto Org\u00e2nico Vapza \u00e9 cozido no vapor, muito pr\u00e1tico para o dia-a-dia. Possui baixo teor de s\u00f3dio e 100% livre de agrot\u00f3xicos. O feij\u00e3o preto, al\u00e9m de ser muito saboroso, \u00e9 rico em fibras e prote\u00ednas, bem como em vitaminas e minerais, como Vitamina A, C\u00e1lcio, Ferro e Mangan\u00eas. Perfeito para o preparo [&hellip;]<\/p>\n","protected":false},"featured_media":33,"comment_status":"open","ping_status":"closed","template":"","meta":[],"product_brand":[],"product_cat":[27],"product_tag":[],"class_list":{"0":"post-36","1":"product","2":"type-product","3":"status-publish","4":"has-post-thumbnail","6":"product_cat-feijao","8":"first","9":"instock","10":"taxable","11":"shipping-taxable","12":"purchasable","13":"product-type-simple"},"_links":{"self":[{"href":"https:\/\/thekreativedesign.com\/market\/wp-json\/wp\/v2\/product\/36","targetHints":{"allow":["GET"]}}],"collection":[{"href":"https:\/\/thekreativedesign.com\/market\/wp-json\/wp\/v2\/product"}],"about":[{"href":"https:\/\/thekreativedesign.com\/market\/wp-json\/wp\/v2\/types\/product"}],"replies":[{"embeddable":true,"href":"https:\/\/thekreativedesign.com\/market\/wp-json\/wp\/v2\/comments?post=36"}],"wp:featuredmedia":[{"embeddable":true,"href":"https:\/\/thekreativedesign.com\/market\/wp-json\/wp\/v2\/media\/33"}],"wp:attachment":[{"href":"https:\/\/thekreativedesign.com\/market\/wp-json\/wp\/v2\/media?parent=36"}],"wp:term":[{"taxonomy":"product_brand","embeddable":true,"href":"https:\/\/thekreativedesign.com\/market\/wp-json\/wp\/v2\/product_brand?post=36"},{"taxonomy":"product_cat","embeddable":true,"href":"https:\/\/thekreativedesign.com\/market\/wp-json\/wp\/v2\/product_cat?post=36"},{"taxonomy":"product_tag","embeddable":true,"href":"https:\/\/thekreativedesign.com\/market\/wp-json\/wp\/v2\/product_tag?post=36"}],"curies":[{"name":"wp","href":"https:\/\/api.w.org\/{rel}","templated":true}]}}