{"id":37,"date":"2022-06-27T18:04:04","date_gmt":"2022-06-27T18:04:04","guid":{"rendered":"https:\/\/thekreativedesign.com\/mercado\/?post_type=product&#038;p=37"},"modified":"2022-06-29T17:11:30","modified_gmt":"2022-06-29T17:11:30","slug":"feijao-preto-tipo-1-camil-todo-dia-1-kg","status":"publish","type":"product","link":"https:\/\/thekreativedesign.com\/market\/produto\/feijao-preto-tipo-1-camil-todo-dia-1-kg\/","title":{"rendered":"Feij\u00e3o Preto Tipo 1 Camil Todo Dia 1 Kg"},"content":{"rendered":"<p>O Feij\u00e3o Preto Camil \u00e9 um feij\u00e3o superior, rigorosamente selecionado. Empacotado com gr\u00e3os maiores e padronizados. Proporcionam um caldo grosso, espesso e saboroso. Ideal para aquela feijoada ou para demais combina\u00e7\u00f5es. Rico em fibras, o feij\u00e3o preto traz muitos benef\u00edcios para sua sa\u00fade. Ele tem altas concentra\u00e7\u00f5es de fibra sol\u00favel, que ajuda a reduzir o colesterol no sangue. A fibra sol\u00favel atrai a \u00e1gua se transformando em um gel durante a digest\u00e3o. O feij\u00e3o preto ainda \u00e9 fonte de amino\u00e1cidos e prote\u00ednas.<\/p>\n","protected":false},"excerpt":{"rendered":"<p>O Feij\u00e3o Preto Camil \u00e9 um feij\u00e3o superior, rigorosamente selecionado. Empacotado com gr\u00e3os maiores e padronizados. Proporcionam um caldo grosso, espesso e saboroso. Ideal para aquela feijoada ou para demais combina\u00e7\u00f5es. Rico em fibras, o feij\u00e3o preto traz muitos benef\u00edcios para sua sa\u00fade. Ele tem altas concentra\u00e7\u00f5es de fibra sol\u00favel, que ajuda a reduzir o [&hellip;]<\/p>\n","protected":false},"featured_media":34,"comment_status":"open","ping_status":"closed","template":"","meta":[],"product_brand":[],"product_cat":[27],"product_tag":[],"class_list":{"0":"post-37","1":"product","2":"type-product","3":"status-publish","4":"has-post-thumbnail","6":"product_cat-feijao","8":"first","9":"instock","10":"taxable","11":"shipping-taxable","12":"purchasable","13":"product-type-simple"},"_links":{"self":[{"href":"https:\/\/thekreativedesign.com\/market\/wp-json\/wp\/v2\/product\/37","targetHints":{"allow":["GET"]}}],"collection":[{"href":"https:\/\/thekreativedesign.com\/market\/wp-json\/wp\/v2\/product"}],"about":[{"href":"https:\/\/thekreativedesign.com\/market\/wp-json\/wp\/v2\/types\/product"}],"replies":[{"embeddable":true,"href":"https:\/\/thekreativedesign.com\/market\/wp-json\/wp\/v2\/comments?post=37"}],"wp:featuredmedia":[{"embeddable":true,"href":"https:\/\/thekreativedesign.com\/market\/wp-json\/wp\/v2\/media\/34"}],"wp:attachment":[{"href":"https:\/\/thekreativedesign.com\/market\/wp-json\/wp\/v2\/media?parent=37"}],"wp:term":[{"taxonomy":"product_brand","embeddable":true,"href":"https:\/\/thekreativedesign.com\/market\/wp-json\/wp\/v2\/product_brand?post=37"},{"taxonomy":"product_cat","embeddable":true,"href":"https:\/\/thekreativedesign.com\/market\/wp-json\/wp\/v2\/product_cat?post=37"},{"taxonomy":"product_tag","embeddable":true,"href":"https:\/\/thekreativedesign.com\/market\/wp-json\/wp\/v2\/product_tag?post=37"}],"curies":[{"name":"wp","href":"https:\/\/api.w.org\/{rel}","templated":true}]}}