{"id":86,"date":"2022-06-27T18:26:03","date_gmt":"2022-06-27T18:26:03","guid":{"rendered":"https:\/\/thekreativedesign.com\/mercado\/?post_type=product&#038;p=86"},"modified":"2022-06-29T17:07:16","modified_gmt":"2022-06-29T17:07:16","slug":"linguica-calabresa-prensada-autentica-500-g","status":"publish","type":"product","link":"https:\/\/thekreativedesign.com\/market\/produto\/linguica-calabresa-prensada-autentica-500-g\/","title":{"rendered":"Lingui\u00e7a Calabresa Prensada Aut\u00eantica 500 g"},"content":{"rendered":"<p>Lingui\u00e7a Calabresa Prensada Aut\u00eantica 500 g<\/p>\n","protected":false},"excerpt":{"rendered":"<p>Lingui\u00e7a Calabresa Prensada Aut\u00eantica 500 g<\/p>\n","protected":false},"featured_media":53,"comment_status":"open","ping_status":"closed","template":"","meta":[],"product_brand":[],"product_cat":[24],"product_tag":[],"class_list":{"0":"post-86","1":"product","2":"type-product","3":"status-publish","4":"has-post-thumbnail","6":"product_cat-linguicas","8":"first","9":"instock","10":"taxable","11":"shipping-taxable","12":"purchasable","13":"product-type-simple"},"_links":{"self":[{"href":"https:\/\/thekreativedesign.com\/market\/wp-json\/wp\/v2\/product\/86","targetHints":{"allow":["GET"]}}],"collection":[{"href":"https:\/\/thekreativedesign.com\/market\/wp-json\/wp\/v2\/product"}],"about":[{"href":"https:\/\/thekreativedesign.com\/market\/wp-json\/wp\/v2\/types\/product"}],"replies":[{"embeddable":true,"href":"https:\/\/thekreativedesign.com\/market\/wp-json\/wp\/v2\/comments?post=86"}],"wp:featuredmedia":[{"embeddable":true,"href":"https:\/\/thekreativedesign.com\/market\/wp-json\/wp\/v2\/media\/53"}],"wp:attachment":[{"href":"https:\/\/thekreativedesign.com\/market\/wp-json\/wp\/v2\/media?parent=86"}],"wp:term":[{"taxonomy":"product_brand","embeddable":true,"href":"https:\/\/thekreativedesign.com\/market\/wp-json\/wp\/v2\/product_brand?post=86"},{"taxonomy":"product_cat","embeddable":true,"href":"https:\/\/thekreativedesign.com\/market\/wp-json\/wp\/v2\/product_cat?post=86"},{"taxonomy":"product_tag","embeddable":true,"href":"https:\/\/thekreativedesign.com\/market\/wp-json\/wp\/v2\/product_tag?post=86"}],"curies":[{"name":"wp","href":"https:\/\/api.w.org\/{rel}","templated":true}]}}