{"id":91,"date":"2022-06-27T18:31:12","date_gmt":"2022-06-27T18:31:12","guid":{"rendered":"https:\/\/thekreativedesign.com\/mercado\/?post_type=product&#038;p=91"},"modified":"2022-06-29T17:04:35","modified_gmt":"2022-06-29T17:04:35","slug":"file-de-tilapia-in-natura-congelado-400g","status":"publish","type":"product","link":"https:\/\/thekreativedesign.com\/market\/produto\/file-de-tilapia-in-natura-congelado-400g\/","title":{"rendered":"Fil\u00e9 de Til\u00e1pia in Natura Congelado 400g"},"content":{"rendered":"<p>Fil\u00e9 de Til\u00e1pia in Natura Congelado 400g<\/p>\n","protected":false},"excerpt":{"rendered":"<p>Fil\u00e9 de Til\u00e1pia in Natura Congelado 400g<\/p>\n","protected":false},"featured_media":49,"comment_status":"open","ping_status":"closed","template":"","meta":[],"product_brand":[],"product_cat":[23],"product_tag":[],"class_list":{"0":"post-91","1":"product","2":"type-product","3":"status-publish","4":"has-post-thumbnail","6":"product_cat-peixes","8":"first","9":"instock","10":"sale","11":"taxable","12":"shipping-taxable","13":"purchasable","14":"product-type-simple"},"_links":{"self":[{"href":"https:\/\/thekreativedesign.com\/market\/wp-json\/wp\/v2\/product\/91","targetHints":{"allow":["GET"]}}],"collection":[{"href":"https:\/\/thekreativedesign.com\/market\/wp-json\/wp\/v2\/product"}],"about":[{"href":"https:\/\/thekreativedesign.com\/market\/wp-json\/wp\/v2\/types\/product"}],"replies":[{"embeddable":true,"href":"https:\/\/thekreativedesign.com\/market\/wp-json\/wp\/v2\/comments?post=91"}],"wp:featuredmedia":[{"embeddable":true,"href":"https:\/\/thekreativedesign.com\/market\/wp-json\/wp\/v2\/media\/49"}],"wp:attachment":[{"href":"https:\/\/thekreativedesign.com\/market\/wp-json\/wp\/v2\/media?parent=91"}],"wp:term":[{"taxonomy":"product_brand","embeddable":true,"href":"https:\/\/thekreativedesign.com\/market\/wp-json\/wp\/v2\/product_brand?post=91"},{"taxonomy":"product_cat","embeddable":true,"href":"https:\/\/thekreativedesign.com\/market\/wp-json\/wp\/v2\/product_cat?post=91"},{"taxonomy":"product_tag","embeddable":true,"href":"https:\/\/thekreativedesign.com\/market\/wp-json\/wp\/v2\/product_tag?post=91"}],"curies":[{"name":"wp","href":"https:\/\/api.w.org\/{rel}","templated":true}]}}